{"id":3612,"date":"2020-09-09T04:31:48","date_gmt":"2020-09-09T04:31:48","guid":{"rendered":"https:\/\/paunica.com\/index.php\/about\/"},"modified":"2023-06-02T17:19:44","modified_gmt":"2023-06-02T20:19:44","slug":"about","status":"publish","type":"page","link":"https:\/\/paunica.com\/index.php\/about\/","title":{"rendered":"Quienes Somos"},"content":{"rendered":"\n<div class=\"wp-block-uagb-advanced-heading uagb-block-0dad6313\"><h1 class=\"uagb-heading-text\">Quienes Somos<\/h1><\/div>\n\n\n\n<div class=\"wp-block-uagb-container uagb-block-bb5acd72 alignfull uagb-is-root-container\"><div class=\"uagb-container-inner-blocks-wrap\">\n<div class=\"wp-block-uagb-image aligncenter uagb-block-6cd8dc88 wp-block-uagb-image--layout-default wp-block-uagb-image--effect-static wp-block-uagb-image--align-center\"><figure class=\"wp-block-uagb-image__figure\"><img decoding=\"async\" srcset=\"https:\/\/paunica.com\/wp-content\/uploads\/2021\/03\/basil-leaf.png \" sizes=\"(max-width: 480px) 150px\" src=\"https:\/\/paunica.com\/wp-content\/uploads\/2021\/03\/basil-leaf.png\" alt=\"\" class=\"uag-image-3958\" width=\"150\" height=\"90\" title=\"\" loading=\"lazy\"\/><\/figure><\/div>\n<\/div><\/div>\n\n\n\n<div class=\"wp-block-uagb-container uagb-block-0a875f05 alignfull uagb-is-root-container\"><div class=\"uagb-container-inner-blocks-wrap\">\n<div class=\"wp-block-uagb-container uagb-block-d5e9090f\">\n<div class=\"wp-block-uagb-advanced-heading uagb-block-6e8a06dd\"><h2 class=\"uagb-heading-text\">Nutrici\u00f3n, Alimentaci\u00f3n consciente y Vida saludable.<\/h2><\/div>\n\n\n\n<p>Descubre la propuesta de PAUNICA, donde la salud y el sabor se unen en cada preparaci\u00f3n que desees elaborar. \u00a1Te ofrecemos una experiencia culinaria rica y nutritiva, sin complicaciones!<\/p>\n\n\n\n<p>Nuestro objetivo es hacer tu vida m\u00e1s f\u00e1cil y saludable, sin renunciar a lo delicioso. En PAUNICA, creemos en la importancia de una alimentaci\u00f3n balanceada y consciente.<\/p>\n\n\n\n<p>Imagina una l\u00ednea de premezclas que te permite disfrutar de tus platos dulces y salados favoritos, sin gluten, l\u00e1cteos, az\u00facar ni aditivos qu\u00edmicos artificiales. \u00a1Todo natural y delicioso!<\/p>\n\n\n\n<p>En PAUNICA, nos esforzamos por promover h\u00e1bitos saludables que te hagan sentir mejor, para que puedas disfrutar plenamente de las cosas importantes de la vida. \u00danete a nosotros en este viaje hacia una alimentaci\u00f3n y estilo de vida mejorados.<\/p>\n\n\n\n<p>\u00a1Descubre el placer de comer bien con PAUNICA y transforma tus preparaciones en momentos llenos de sabor y bienestar!<\/p>\n<\/div>\n\n\n\n<div class=\"wp-block-uagb-container uagb-block-1e808991\">\n<div class=\"wp-block-uagb-image uagb-block-867c7b60 wp-block-uagb-image--layout-default wp-block-uagb-image--effect-static wp-block-uagb-image--align-none\"><figure class=\"wp-block-uagb-image__figure\"><img decoding=\"async\" srcset=\"https:\/\/paunica.com\/wp-content\/uploads\/2020\/01\/banner-01.jpg , https:\/\/paunica.com\/wp-content\/uploads\/2020\/01\/banner-01.jpg 360w\" sizes=\"(max-width: 480px) 150px\" src=\"https:\/\/paunica.com\/wp-content\/uploads\/2020\/01\/banner-01.jpg\" alt=\"\" class=\"uag-image-3007\" width=\"800\" height=\"550\" title=\"\" loading=\"lazy\"\/><\/figure><\/div>\n<\/div>\n<\/div><\/div>\n\n\n\n<div class=\"wp-block-uagb-container uagb-block-0e6eba5d alignfull uagb-is-root-container\"><div class=\"uagb-container-inner-blocks-wrap\">\n<div class=\"wp-block-uagb-container uagb-block-18b4cb67\">\n<div class=\"wp-block-uagb-advanced-heading uagb-block-6e9cf332\"><h3 class=\"uagb-heading-text\">Productos Vendidos<\/h3><\/div>\n<\/div>\n\n\n\n<div class=\"wp-block-uagb-container uagb-block-1f4e0601\">\n<div class=\"wp-block-uagb-advanced-heading uagb-block-1183d8ce\"><h2 class=\"uagb-heading-text\">5,000+<\/h2><p class=\"uagb-desc-text\">Kilos Vendidos de Producto 1<\/p><\/div>\n<\/div>\n\n\n\n<div class=\"wp-block-uagb-container uagb-block-ddec1410\">\n<div class=\"wp-block-uagb-advanced-heading uagb-block-569df4ed\"><h2 class=\"uagb-heading-text\">800+<\/h2><p class=\"uagb-desc-text\">Kilos Vendidos Producto 2<\/p><\/div>\n<\/div>\n\n\n\n<div class=\"wp-block-uagb-container uagb-block-b4ba33dd\"><\/div>\n<\/div><\/div>\n\n\n\n<div class=\"wp-block-uagb-container uagb-block-3e640431 alignfull uagb-is-root-container\"><div class=\"uagb-container-inner-blocks-wrap\">\n<div class=\"wp-block-uagb-container uagb-block-9100932a\">\n<div class=\"wp-block-uagb-image aligncenter uagb-block-e95fa37d wp-block-uagb-image--layout-default wp-block-uagb-image--effect-static wp-block-uagb-image--align-center\"><figure class=\"wp-block-uagb-image__figure\"><img decoding=\"async\" srcset=\"https:\/\/paunica.com\/wp-content\/uploads\/2020\/01\/image-02.jpg ,https:\/\/paunica.com\/wp-content\/uploads\/2020\/01\/image-02.jpg 780w, https:\/\/paunica.com\/wp-content\/uploads\/2020\/01\/image-02.jpg 360w\" sizes=\"(max-width: 480px) 150px\" src=\"https:\/\/paunica.com\/wp-content\/uploads\/2020\/01\/image-02.jpg\" alt=\"\" class=\"uag-image-3010\" width=\"634\" height=\"951\" title=\"\" loading=\"lazy\"\/><\/figure><\/div>\n\n\n\n<div class=\"wp-block-uagb-star-rating uagb-block-43f86f2a\"><div class=\"uag-star-rating\" title=\"4\/5\"><span class=\"uag-star\">\u2605<\/span><span class=\"uag-star\">\u2605<\/span><span class=\"uag-star\">\u2605<\/span><span class=\"uag-star\">\u2605<\/span><span class=\"uag-star\">\u2605<\/span><\/div><\/div>\n\n\n\n<div class=\"wp-block-uagb-testimonial uagb-slick-carousel uagb-tm__arrow-outside uagb-block-84b71031 uagb-post__carousel_notset uagb-post__carousel_notset-tablet uagb-post__carousel_notset-mobile\"><div class=\"is-carousel uagb-tm__columns-1 uagb-tm__items\"><div class=\"uagb-testimonial__wrap  uagb-tm__imgicon-style-circle uagb-tm__image-position-bottom uagb-tm__bg-type-none \"><div class=\"uagb-tm__content\"><div class=\"uagb-tm__overlay\"><\/div><div class=\"uagb-tm__text-wrap\"><div class=\"uagb-tm__desc\">Click edit button to change this text. Lorem ipsum dolor sit amet, consectetur adipiscing elit. Ut elit tellus, luctus nec ullamcorper mattis, pulvinar dapibus leo.<\/div><div class=\"uagb-tm__meta-inner\"><div class=\"uagb-tm__image-content\"><div class=\"uagb-tm__image\"><img decoding=\"async\" class=\"uagb-tm-img-src\" src=\"http:\/\/paunica.com\/wp-content\/uploads\/2019\/07\/client02-free-img.png\" alt=\"\" width=\"60\" height=\"60\" loading=\"lazy\"\/><\/div><\/div><div class=\"uagb-testimonial-details\"><span class=\"uagb-tm__author-name\"><strong>Mila Kunit<\/strong><\/span><span class=\"uagb-tm__company\"><\/span><\/div><\/div><\/div><\/div><\/div><\/div><\/div>\n<\/div>\n\n\n\n<div class=\"wp-block-uagb-container uagb-block-ad58c67a\">\n<div class=\"wp-block-uagb-info-box uagb-block-73392da7 uagb-infobox__content-wrap  uagb-infobox-icon-left uagb-infobox-left uagb-infobox-stacked-mobile uagb-infobox-image-valign-top\"><div class=\"uagb-ifb-image-content\"><img decoding=\"async\" src=\"http:\/\/paunica.com\/wp-content\/uploads\/2019\/06\/organic-badge-freeimg.png\" alt=\"\" width=\"170\" height=\"134\" loading=\"lazy\"\/><\/div><div class=\"uagb-ifb-content\"><div class=\"uagb-ifb-title-wrap\"><h3 class=\"uagb-ifb-title\">Producto Certificado<\/h3><\/div><p class=\"uagb-ifb-desc\">Click edit button to change this text. Lorem ipsum dolor sit amet<\/p><\/div><\/div>\n\n\n\n<div class=\"wp-block-uagb-info-box uagb-block-3bb23def uagb-infobox__content-wrap  uagb-infobox-icon-below-title uagb-infobox-image-valign-top\"><div class=\"uagb-ifb-content\"><div class=\"uagb-ifb-title-wrap\"><h2 class=\"uagb-ifb-title\">We Deal With Various Quality Organic Products!<\/h2><\/div><div class=\"uagb-ifb-image-content\"><img decoding=\"async\" src=\"http:\/\/paunica.com\/wp-content\/uploads\/2019\/07\/logo-leaf-new.png\" alt=\"\" width=\"75\" height=\"33\" loading=\"lazy\"\/><\/div><\/div><\/div>\n\n\n\n<div class=\"wp-block-uagb-container uagb-block-8e5c5817\">\n<div class=\"wp-block-uagb-icon-list uagb-block-c1ddbd03\"><div class=\"uagb-icon-list__wrap\">\n<div class=\"wp-block-uagb-icon-list-child uagb-block-ec5b2e02\"><a target=\"_self\" aria-label=\"Fresh fruits\" rel=\"noopener noreferrer\" href=\"#\"> <\/a><span class=\"uagb-icon-list__source-wrap\"><svg xmlns=\"https:\/\/www.w3.org\/2000\/svg\" viewBox=\"0 0 512 512\"><path d=\"M0 256C0 114.6 114.6 0 256 0C397.4 0 512 114.6 512 256C512 397.4 397.4 512 256 512C114.6 512 0 397.4 0 256zM371.8 211.8C382.7 200.9 382.7 183.1 371.8 172.2C360.9 161.3 343.1 161.3 332.2 172.2L224 280.4L179.8 236.2C168.9 225.3 151.1 225.3 140.2 236.2C129.3 247.1 129.3 264.9 140.2 275.8L204.2 339.8C215.1 350.7 232.9 350.7 243.8 339.8L371.8 211.8z\"><\/path><\/svg><\/span><span class=\"uagb-icon-list__label\">Fresh fruits<\/span><\/div>\n\n\n\n<div class=\"wp-block-uagb-icon-list-child uagb-block-7ce490ae\"><a target=\"_self\" aria-label=\"Dry fruits\" rel=\"noopener noreferrer\" href=\"#\"> <\/a><span class=\"uagb-icon-list__source-wrap\"><svg xmlns=\"https:\/\/www.w3.org\/2000\/svg\" viewBox=\"0 0 512 512\"><path d=\"M0 256C0 114.6 114.6 0 256 0C397.4 0 512 114.6 512 256C512 397.4 397.4 512 256 512C114.6 512 0 397.4 0 256zM371.8 211.8C382.7 200.9 382.7 183.1 371.8 172.2C360.9 161.3 343.1 161.3 332.2 172.2L224 280.4L179.8 236.2C168.9 225.3 151.1 225.3 140.2 236.2C129.3 247.1 129.3 264.9 140.2 275.8L204.2 339.8C215.1 350.7 232.9 350.7 243.8 339.8L371.8 211.8z\"><\/path><\/svg><\/span><span class=\"uagb-icon-list__label\">Dry fruits<\/span><\/div>\n\n\n\n<div class=\"wp-block-uagb-icon-list-child uagb-block-fda17bd5\"><a target=\"_self\" aria-label=\"Fresh vegetables\" rel=\"noopener noreferrer\" href=\"#\"> <\/a><span class=\"uagb-icon-list__source-wrap\"><svg xmlns=\"https:\/\/www.w3.org\/2000\/svg\" viewBox=\"0 0 512 512\"><path d=\"M0 256C0 114.6 114.6 0 256 0C397.4 0 512 114.6 512 256C512 397.4 397.4 512 256 512C114.6 512 0 397.4 0 256zM371.8 211.8C382.7 200.9 382.7 183.1 371.8 172.2C360.9 161.3 343.1 161.3 332.2 172.2L224 280.4L179.8 236.2C168.9 225.3 151.1 225.3 140.2 236.2C129.3 247.1 129.3 264.9 140.2 275.8L204.2 339.8C215.1 350.7 232.9 350.7 243.8 339.8L371.8 211.8z\"><\/path><\/svg><\/span><span class=\"uagb-icon-list__label\">Fresh vegetables<\/span><\/div>\n\n\n\n<div class=\"wp-block-uagb-icon-list-child uagb-block-585c4b68\"><a target=\"_self\" aria-label=\"Dried vegetables\" rel=\"noopener noreferrer\" href=\"#\"> <\/a><span class=\"uagb-icon-list__source-wrap\"><svg xmlns=\"https:\/\/www.w3.org\/2000\/svg\" viewBox=\"0 0 512 512\"><path d=\"M0 256C0 114.6 114.6 0 256 0C397.4 0 512 114.6 512 256C512 397.4 397.4 512 256 512C114.6 512 0 397.4 0 256zM371.8 211.8C382.7 200.9 382.7 183.1 371.8 172.2C360.9 161.3 343.1 161.3 332.2 172.2L224 280.4L179.8 236.2C168.9 225.3 151.1 225.3 140.2 236.2C129.3 247.1 129.3 264.9 140.2 275.8L204.2 339.8C215.1 350.7 232.9 350.7 243.8 339.8L371.8 211.8z\"><\/path><\/svg><\/span><span class=\"uagb-icon-list__label\">Dried vegetables<\/span><\/div>\n<\/div><\/div>\n\n\n\n<div class=\"wp-block-uagb-icon-list uagb-block-7549686c\"><div class=\"uagb-icon-list__wrap\">\n<div class=\"wp-block-uagb-icon-list-child uagb-block-53266d40\"><a target=\"_self\" aria-label=\"Beauty products\" rel=\"noopener noreferrer\" href=\"#\"> <\/a><span class=\"uagb-icon-list__source-wrap\"><svg xmlns=\"https:\/\/www.w3.org\/2000\/svg\" viewBox=\"0 0 512 512\"><path d=\"M0 256C0 114.6 114.6 0 256 0C397.4 0 512 114.6 512 256C512 397.4 397.4 512 256 512C114.6 512 0 397.4 0 256zM371.8 211.8C382.7 200.9 382.7 183.1 371.8 172.2C360.9 161.3 343.1 161.3 332.2 172.2L224 280.4L179.8 236.2C168.9 225.3 151.1 225.3 140.2 236.2C129.3 247.1 129.3 264.9 140.2 275.8L204.2 339.8C215.1 350.7 232.9 350.7 243.8 339.8L371.8 211.8z\"><\/path><\/svg><\/span><span class=\"uagb-icon-list__label\">Beauty products<\/span><\/div>\n\n\n\n<div class=\"wp-block-uagb-icon-list-child uagb-block-a9c1b512\"><a target=\"_self\" aria-label=\"Milk products\" rel=\"noopener noreferrer\" href=\"#\"> <\/a><span class=\"uagb-icon-list__source-wrap\"><svg xmlns=\"https:\/\/www.w3.org\/2000\/svg\" viewBox=\"0 0 512 512\"><path d=\"M0 256C0 114.6 114.6 0 256 0C397.4 0 512 114.6 512 256C512 397.4 397.4 512 256 512C114.6 512 0 397.4 0 256zM371.8 211.8C382.7 200.9 382.7 183.1 371.8 172.2C360.9 161.3 343.1 161.3 332.2 172.2L224 280.4L179.8 236.2C168.9 225.3 151.1 225.3 140.2 236.2C129.3 247.1 129.3 264.9 140.2 275.8L204.2 339.8C215.1 350.7 232.9 350.7 243.8 339.8L371.8 211.8z\"><\/path><\/svg><\/span><span class=\"uagb-icon-list__label\">Milk products<\/span><\/div>\n\n\n\n<div class=\"wp-block-uagb-icon-list-child uagb-block-a024e902\"><a target=\"_self\" aria-label=\"Organic honey\" rel=\"noopener noreferrer\" href=\"#\"> <\/a><span class=\"uagb-icon-list__source-wrap\"><svg xmlns=\"https:\/\/www.w3.org\/2000\/svg\" viewBox=\"0 0 512 512\"><path d=\"M0 256C0 114.6 114.6 0 256 0C397.4 0 512 114.6 512 256C512 397.4 397.4 512 256 512C114.6 512 0 397.4 0 256zM371.8 211.8C382.7 200.9 382.7 183.1 371.8 172.2C360.9 161.3 343.1 161.3 332.2 172.2L224 280.4L179.8 236.2C168.9 225.3 151.1 225.3 140.2 236.2C129.3 247.1 129.3 264.9 140.2 275.8L204.2 339.8C215.1 350.7 232.9 350.7 243.8 339.8L371.8 211.8z\"><\/path><\/svg><\/span><span class=\"uagb-icon-list__label\">Organic honey<\/span><\/div>\n\n\n\n<div class=\"wp-block-uagb-icon-list-child uagb-block-7ee01a12\"><a target=\"_self\" aria-label=\"Organic tea\" rel=\"noopener noreferrer\" href=\"#\"> <\/a><span class=\"uagb-icon-list__source-wrap\"><svg xmlns=\"https:\/\/www.w3.org\/2000\/svg\" viewBox=\"0 0 512 512\"><path d=\"M0 256C0 114.6 114.6 0 256 0C397.4 0 512 114.6 512 256C512 397.4 397.4 512 256 512C114.6 512 0 397.4 0 256zM371.8 211.8C382.7 200.9 382.7 183.1 371.8 172.2C360.9 161.3 343.1 161.3 332.2 172.2L224 280.4L179.8 236.2C168.9 225.3 151.1 225.3 140.2 236.2C129.3 247.1 129.3 264.9 140.2 275.8L204.2 339.8C215.1 350.7 232.9 350.7 243.8 339.8L371.8 211.8z\"><\/path><\/svg><\/span><span class=\"uagb-icon-list__label\">Organic tea<\/span><\/div>\n<\/div><\/div>\n<\/div>\n\n\n\n<div class=\"wp-block-uagb-buttons uagb-buttons__outer-wrap uagb-btn__default-btn uagb-btn-tablet__default-btn uagb-btn-mobile__default-btn uagb-block-ded4b67b\"><div class=\"uagb-buttons__wrap uagb-buttons-layout-wrap\"><\/div><\/div>\n<\/div>\n<\/div><\/div>\n","protected":false},"excerpt":{"rendered":"<p>Quienes Somos Nutrici\u00f3n, Alimentaci\u00f3n consciente y Vida saludable. Descubre la propuesta de PAUNICA, donde la salud y el sabor se unen en cada preparaci\u00f3n que desees elaborar. \u00a1Te ofrecemos una experiencia culinaria rica y nutritiva, sin complicaciones! Nuestro objetivo es hacer tu vida m\u00e1s f\u00e1cil y saludable, sin renunciar a lo delicioso. En PAUNICA, creemos [&hellip;]<\/p>\n","protected":false},"author":1,"featured_media":0,"parent":0,"menu_order":0,"comment_status":"closed","ping_status":"closed","template":"","meta":{"om_disable_all_campaigns":false,"_uag_custom_page_level_css":"","_mi_skip_tracking":false,"_monsterinsights_sitenote_active":false,"_monsterinsights_sitenote_note":"","_monsterinsights_sitenote_category":0,"site-sidebar-layout":"no-sidebar","site-content-layout":"plain-container","ast-site-content-layout":"","site-content-style":"default","site-sidebar-style":"default","ast-global-header-display":"","ast-banner-title-visibility":"","ast-main-header-display":"","ast-hfb-above-header-display":"","ast-hfb-below-header-display":"","ast-hfb-mobile-header-display":"","site-post-title":"disabled","ast-breadcrumbs-content":"","ast-featured-img":"disabled","footer-sml-layout":"","theme-transparent-header-meta":"enabled","adv-header-id-meta":"","stick-header-meta":"","header-above-stick-meta":"","header-main-stick-meta":"","header-below-stick-meta":"","astra-migrate-meta-layouts":"default","ast-page-background-enabled":"default","ast-page-background-meta":{"desktop":{"background-color":"","background-image":"","background-repeat":"repeat","background-position":"center center","background-size":"auto","background-attachment":"scroll","background-type":"","background-media":"","overlay-type":"","overlay-color":"","overlay-gradient":""},"tablet":{"background-color":"","background-image":"","background-repeat":"repeat","background-position":"center center","background-size":"auto","background-attachment":"scroll","background-type":"","background-media":"","overlay-type":"","overlay-color":"","overlay-gradient":""},"mobile":{"background-color":"","background-image":"","background-repeat":"repeat","background-position":"center center","background-size":"auto","background-attachment":"scroll","background-type":"","background-media":"","overlay-type":"","overlay-color":"","overlay-gradient":""}},"ast-content-background-meta":{"desktop":{"background-color":"var(--ast-global-color-5)","background-image":"","background-repeat":"repeat","background-position":"center center","background-size":"auto","background-attachment":"scroll","background-type":"","background-media":"","overlay-type":"","overlay-color":"","overlay-gradient":""},"tablet":{"background-color":"var(--ast-global-color-5)","background-image":"","background-repeat":"repeat","background-position":"center center","background-size":"auto","background-attachment":"scroll","background-type":"","background-media":"","overlay-type":"","overlay-color":"","overlay-gradient":""},"mobile":{"background-color":"var(--ast-global-color-5)","background-image":"","background-repeat":"repeat","background-position":"center center","background-size":"auto","background-attachment":"scroll","background-type":"","background-media":"","overlay-type":"","overlay-color":"","overlay-gradient":""}},"footnotes":""},"aioseo_notices":[],"uagb_featured_image_src":{"full":false,"thumbnail":false,"medium":false,"medium_large":false,"large":false,"1536x1536":false,"2048x2048":false,"woocommerce_thumbnail":false,"woocommerce_single":false,"woocommerce_gallery_thumbnail":false},"uagb_author_info":{"display_name":"dlcastan@gmail.com","author_link":"https:\/\/paunica.com\/index.php\/author\/dlcastangmail-com\/"},"uagb_comment_info":0,"uagb_excerpt":"Quienes Somos Nutrici\u00f3n, Alimentaci\u00f3n consciente y Vida saludable. Descubre la propuesta de PAUNICA, donde la salud y el sabor se unen en cada preparaci\u00f3n que desees elaborar. \u00a1Te ofrecemos una experiencia culinaria rica y nutritiva, sin complicaciones! Nuestro objetivo es hacer tu vida m\u00e1s f\u00e1cil y saludable, sin renunciar a lo delicioso. En PAUNICA, creemos&hellip;","_links":{"self":[{"href":"https:\/\/paunica.com\/index.php\/wp-json\/wp\/v2\/pages\/3612"}],"collection":[{"href":"https:\/\/paunica.com\/index.php\/wp-json\/wp\/v2\/pages"}],"about":[{"href":"https:\/\/paunica.com\/index.php\/wp-json\/wp\/v2\/types\/page"}],"author":[{"embeddable":true,"href":"https:\/\/paunica.com\/index.php\/wp-json\/wp\/v2\/users\/1"}],"replies":[{"embeddable":true,"href":"https:\/\/paunica.com\/index.php\/wp-json\/wp\/v2\/comments?post=3612"}],"version-history":[{"count":4,"href":"https:\/\/paunica.com\/index.php\/wp-json\/wp\/v2\/pages\/3612\/revisions"}],"predecessor-version":[{"id":4504,"href":"https:\/\/paunica.com\/index.php\/wp-json\/wp\/v2\/pages\/3612\/revisions\/4504"}],"wp:attachment":[{"href":"https:\/\/paunica.com\/index.php\/wp-json\/wp\/v2\/media?parent=3612"}],"curies":[{"name":"wp","href":"https:\/\/api.w.org\/{rel}","templated":true}]}}